{"id":13442,"date":"2016-06-20T23:11:03","date_gmt":"2016-06-20T23:11:03","guid":{"rendered":"http:\/\/naturalhomes.cat\/nuestro-equipo-alquiler-compra-agente-inmobiliario\/"},"modified":"2021-09-27T07:53:58","modified_gmt":"2021-09-27T07:53:58","slug":"nuestro-equipo-alquiler-compra-agente-inmobiliario","status":"publish","type":"page","link":"https:\/\/naturalhomes.cat\/ca\/nuestro-equipo-alquiler-compra-agente-inmobiliario\/","title":{"rendered":"El nostre equip"},"content":{"rendered":"\t\t<div data-elementor-type=\"wp-page\" data-elementor-id=\"13442\" class=\"elementor elementor-13442 elementor-1656\">\n\t\t\t\t\t\t<section class=\"elementor-section elementor-top-section elementor-element elementor-element-e573790 elementor-section-boxed elementor-section-height-default elementor-section-height-default\" data-id=\"e573790\" data-element_type=\"section\" data-e-type=\"section\">\n\t\t\t\t\t\t<div class=\"elementor-container elementor-column-gap-default\">\n\t\t\t\t\t<div class=\"elementor-column elementor-col-100 elementor-top-column elementor-element elementor-element-f062e6f\" data-id=\"f062e6f\" data-element_type=\"column\" data-e-type=\"column\">\n\t\t\t<div class=\"elementor-widget-wrap elementor-element-populated\">\n\t\t\t\t\t\t<div class=\"elementor-element elementor-element-48ef497 elementor-widget elementor-widget-text-editor\" data-id=\"48ef497\" data-element_type=\"widget\" data-e-type=\"widget\" data-widget_type=\"text-editor.default\">\n\t\t\t\t<div class=\"elementor-widget-container\">\n\t\t\t\t\t\t\t\t\t<p>L&#8217;experi\u00e8ncia, el comprom\u00eds i la discreci\u00f3, s\u00f3n valors fonamentals que <strong style=\"color: #bb8c4a;\">defineixen el nostre <\/strong> treball, molt professional, com a agents immobiliaris al Maresme.<\/p><p>La compra o el lloguer d&#8217;un habitatge, terreny o local, s\u00f3n decisions de m\u00e0xima import\u00e0ncia, per aix\u00f2 creiem en el <strong style=\"color: #bb8c4a;\">tracte personalitzat<\/strong> i de total confian\u00e7a amb els nostres clients..<\/p>\t\t\t\t\t\t\t\t<\/div>\n\t\t\t\t<\/div>\n\t\t\t\t<div class=\"elementor-element elementor-element-8bed22e elementor-hidden-desktop elementor-hidden-tablet elementor-hidden-mobile elementor-widget elementor-widget-image\" data-id=\"8bed22e\" data-element_type=\"widget\" data-e-type=\"widget\" data-widget_type=\"image.default\">\n\t\t\t\t<div class=\"elementor-widget-container\">\n\t\t\t\t\t\t\t\t\t\t\t\t\t\t\t<img decoding=\"async\" src=\"https:\/\/naturalhomes.cat\/wp-content\/uploads\/2021\/01\/Equip-natural-homes.jpg\" title=\"\" alt=\"\" loading=\"lazy\" \/>\t\t\t\t\t\t\t\t\t\t\t\t\t\t\t<\/div>\n\t\t\t\t<\/div>\n\t\t\t\t\t<\/div>\n\t\t<\/div>\n\t\t\t\t\t<\/div>\n\t\t<\/section>\n\t\t\t\t<section class=\"elementor-section elementor-top-section elementor-element elementor-element-880377f elementor-section-stretched elementor-section-boxed elementor-section-height-default elementor-section-height-default\" data-id=\"880377f\" data-element_type=\"section\" data-e-type=\"section\" id=\"team\" data-settings=\"{&quot;stretch_section&quot;:&quot;section-stretched&quot;,&quot;background_background&quot;:&quot;classic&quot;}\">\n\t\t\t\t\t\t<div class=\"elementor-container elementor-column-gap-default\">\n\t\t\t\t\t<div class=\"elementor-column elementor-col-100 elementor-top-column elementor-element elementor-element-92b781c\" data-id=\"92b781c\" data-element_type=\"column\" data-e-type=\"column\">\n\t\t\t<div class=\"elementor-widget-wrap elementor-element-populated\">\n\t\t\t\t\t\t<div class=\"elementor-element elementor-element-b96a39b gradient-title elementor-widget elementor-widget-heading\" data-id=\"b96a39b\" data-element_type=\"widget\" data-e-type=\"widget\" data-widget_type=\"heading.default\">\n\t\t\t\t<div class=\"elementor-widget-container\">\n\t\t\t\t\t<h2 class=\"elementor-heading-title elementor-size-default\">Coneix el nostre equip<\/h2>\t\t\t\t<\/div>\n\t\t\t\t<\/div>\n\t\t\t\t<section class=\"elementor-section elementor-inner-section elementor-element elementor-element-1538de8 elementor-section-boxed elementor-section-height-default elementor-section-height-default\" data-id=\"1538de8\" data-element_type=\"section\" data-e-type=\"section\">\n\t\t\t\t\t\t<div class=\"elementor-container elementor-column-gap-default\">\n\t\t\t\t\t<div class=\"elementor-column elementor-col-33 elementor-inner-column elementor-element elementor-element-d6149ea\" data-id=\"d6149ea\" data-element_type=\"column\" data-e-type=\"column\">\n\t\t\t<div class=\"elementor-widget-wrap elementor-element-populated\">\n\t\t\t\t\t\t<div class=\"elementor-element elementor-element-217eea8 elementor-widget elementor-widget-houzez_elementor_team_member\" data-id=\"217eea8\" data-element_type=\"widget\" data-e-type=\"widget\" id=\"miriam\" data-widget_type=\"houzez_elementor_team_member.default\">\n\t\t\t\t<div class=\"elementor-widget-container\">\n\t\t\t\t\t\n            <div class=\"team-module hover-effect\">\n\n                                <a href=\"#miriam\" class=\"team-mobile-link\"><\/a>\n                                <img fetchpriority=\"high\" decoding=\"async\" width=\"583\" height=\"782\" src=\"https:\/\/naturalhomes.cat\/wp-content\/uploads\/2021\/01\/Miriam.jpg\" class=\"attachment-full size-full\" alt=\"agente inmobiliario\" srcset=\"https:\/\/naturalhomes.cat\/wp-content\/uploads\/2021\/01\/Miriam.jpg 583w, https:\/\/naturalhomes.cat\/wp-content\/uploads\/2021\/01\/Miriam-224x300.jpg 224w, https:\/\/naturalhomes.cat\/wp-content\/uploads\/2021\/01\/Miriam-447x600.jpg 447w, https:\/\/naturalhomes.cat\/wp-content\/uploads\/2021\/01\/Miriam-496x665.jpg 496w\" sizes=\"(max-width: 583px) 100vw, 583px\" \/>\n                <div class=\"team-content-wrap team-content-wrap-before\">\n                    <div class=\"team-content\">\n                        <div class=\"team-name\">\n                            <strong>Miriam Dur\u00e1n<\/strong>\n                        <\/div><!-- team-name -->\n                        <div class=\"team-title\">\n                            Agent immobili\u00e0ria                        <\/div><!-- team-name -->\n   \n                    <\/div><!-- team-content -->\n                <\/div><!-- team-content-wrap -->\n                <div class=\"team-content-wrap team-content-wrap-after\">\n                    <div class=\"team-content\">\n                        <div class=\"team-name\">\n                            <strong>Miriam Dur\u00e1n<\/strong>\n                        <\/div><!-- team-name -->\n                        <div class=\"team-title\">\n                            Agent immobili\u00e0ria                        <\/div><!-- team-name -->\n                        <div class=\"team-description\">\n                            Perfeccionista, intel\u00b7ligent, ambiciosa, en\u00e8rgica i proactiva. Treballar amb Miriam Dur\u00e1n \u00e9s una aposta d'\u00e8xit                        <\/div><!-- team-description -->\n\n                            \n                    <\/div><!-- team-content -->\n                <\/div><!-- team-content-wrap -->\n            <\/div><!-- taxonomy-grids-module -->\n            \t\t\t\t<\/div>\n\t\t\t\t<\/div>\n\t\t\t\t\t<\/div>\n\t\t<\/div>\n\t\t\t\t<div class=\"elementor-column elementor-col-33 elementor-inner-column elementor-element elementor-element-04c3fc6\" data-id=\"04c3fc6\" data-element_type=\"column\" data-e-type=\"column\">\n\t\t\t<div class=\"elementor-widget-wrap elementor-element-populated\">\n\t\t\t\t\t\t<div class=\"elementor-element elementor-element-320e50c elementor-widget elementor-widget-houzez_elementor_team_member\" data-id=\"320e50c\" data-element_type=\"widget\" data-e-type=\"widget\" id=\"jordina\" data-widget_type=\"houzez_elementor_team_member.default\">\n\t\t\t\t<div class=\"elementor-widget-container\">\n\t\t\t\t\t\n            <div class=\"team-module hover-effect\">\n\n                                <a href=\"#jordina\" class=\"team-mobile-link\"><\/a>\n                                <img decoding=\"async\" width=\"583\" height=\"782\" src=\"https:\/\/naturalhomes.cat\/wp-content\/uploads\/2021\/02\/Jordina.jpg\" class=\"attachment-full size-full\" alt=\"Jordina\" srcset=\"https:\/\/naturalhomes.cat\/wp-content\/uploads\/2021\/02\/Jordina.jpg 583w, https:\/\/naturalhomes.cat\/wp-content\/uploads\/2021\/02\/Jordina-224x300.jpg 224w, https:\/\/naturalhomes.cat\/wp-content\/uploads\/2021\/02\/Jordina-447x600.jpg 447w, https:\/\/naturalhomes.cat\/wp-content\/uploads\/2021\/02\/Jordina-496x665.jpg 496w\" sizes=\"(max-width: 583px) 100vw, 583px\" \/>\n                <div class=\"team-content-wrap team-content-wrap-before\">\n                    <div class=\"team-content\">\n                        <div class=\"team-name\">\n                            <strong>Jordina Tarr\u00e9<\/strong>\n                        <\/div><!-- team-name -->\n                        <div class=\"team-title\">\n                            Comunicaci\u00f3 i disseny d&#039;interiors                        <\/div><!-- team-name -->\n   \n                    <\/div><!-- team-content -->\n                <\/div><!-- team-content-wrap -->\n                <div class=\"team-content-wrap team-content-wrap-after\">\n                    <div class=\"team-content\">\n                        <div class=\"team-name\">\n                            <strong>Jordina Tarr\u00e9<\/strong>\n                        <\/div><!-- team-name -->\n                        <div class=\"team-title\">\n                            Comunicaci\u00f3 i disseny d&#039;interiors                        <\/div><!-- team-name -->\n                        <div class=\"team-description\">\n                            \u00c9s un puntal molt important en el nostre equip. La seva creativitat, energia positiva i el gust per les coses ben fetes fa que la nostra empresa i les seves llars siguin \u00faniques.                        <\/div><!-- team-description -->\n\n                            \n                    <\/div><!-- team-content -->\n                <\/div><!-- team-content-wrap -->\n            <\/div><!-- taxonomy-grids-module -->\n            \t\t\t\t<\/div>\n\t\t\t\t<\/div>\n\t\t\t\t\t<\/div>\n\t\t<\/div>\n\t\t\t\t<div class=\"elementor-column elementor-col-33 elementor-inner-column elementor-element elementor-element-45caff2\" data-id=\"45caff2\" data-element_type=\"column\" data-e-type=\"column\">\n\t\t\t<div class=\"elementor-widget-wrap elementor-element-populated\">\n\t\t\t\t\t\t<div class=\"elementor-element elementor-element-ca1cdc7 elementor-widget elementor-widget-houzez_elementor_team_member\" data-id=\"ca1cdc7\" data-element_type=\"widget\" data-e-type=\"widget\" data-widget_type=\"houzez_elementor_team_member.default\">\n\t\t\t\t<div class=\"elementor-widget-container\">\n\t\t\t\t\t\n            <div class=\"team-module hover-effect\">\n\n                                <a href=\"#clara\" class=\"team-mobile-link\"><\/a>\n                                <img decoding=\"async\" width=\"583\" height=\"782\" src=\"https:\/\/naturalhomes.cat\/wp-content\/uploads\/2021\/09\/Clara-natural-home-01.jpg\" class=\"attachment-full size-full\" alt=\"\" srcset=\"https:\/\/naturalhomes.cat\/wp-content\/uploads\/2021\/09\/Clara-natural-home-01.jpg 583w, https:\/\/naturalhomes.cat\/wp-content\/uploads\/2021\/09\/Clara-natural-home-01-224x300.jpg 224w, https:\/\/naturalhomes.cat\/wp-content\/uploads\/2021\/09\/Clara-natural-home-01-447x600.jpg 447w, https:\/\/naturalhomes.cat\/wp-content\/uploads\/2021\/09\/Clara-natural-home-01-496x665.jpg 496w\" sizes=\"(max-width: 583px) 100vw, 583px\" \/>\n                <div class=\"team-content-wrap team-content-wrap-before\">\n                    <div class=\"team-content\">\n                        <div class=\"team-name\">\n                            <strong>Clara Tuset<\/strong>\n                        <\/div><!-- team-name -->\n                        <div class=\"team-title\">\n                            Assesora comercial                        <\/div><!-- team-name -->\n   \n                    <\/div><!-- team-content -->\n                <\/div><!-- team-content-wrap -->\n                <div class=\"team-content-wrap team-content-wrap-after\">\n                    <div class=\"team-content\">\n                        <div class=\"team-name\">\n                            <strong>Clara Tuset<\/strong>\n                        <\/div><!-- team-name -->\n                        <div class=\"team-title\">\n                            Assesora comercial                        <\/div><!-- team-name -->\n                        <div class=\"team-description\">\n                            Clara \u00e9s atenta, detallista i resolutiva. El seu somriure i amabilitat fa que els nostres clients se sentin com a casa.                        <\/div><!-- team-description -->\n\n                            \n                    <\/div><!-- team-content -->\n                <\/div><!-- team-content-wrap -->\n            <\/div><!-- taxonomy-grids-module -->\n            \t\t\t\t<\/div>\n\t\t\t\t<\/div>\n\t\t\t\t\t<\/div>\n\t\t<\/div>\n\t\t\t\t\t<\/div>\n\t\t<\/section>\n\t\t\t\t\t<\/div>\n\t\t<\/div>\n\t\t\t\t\t<\/div>\n\t\t<\/section>\n\t\t\t\t<section class=\"elementor-section elementor-top-section elementor-element elementor-element-6d8959e elementor-section-content-middle elementor-section-full_width elementor-section-height-default elementor-section-height-default\" data-id=\"6d8959e\" data-element_type=\"section\" data-e-type=\"section\" data-settings=\"{&quot;background_background&quot;:&quot;classic&quot;}\">\n\t\t\t\t\t\t\t<div class=\"elementor-background-overlay\"><\/div>\n\t\t\t\t\t\t\t<div class=\"elementor-container elementor-column-gap-wide\">\n\t\t\t\t\t<div class=\"elementor-column elementor-col-100 elementor-top-column elementor-element elementor-element-78f65e8\" data-id=\"78f65e8\" data-element_type=\"column\" data-e-type=\"column\">\n\t\t\t<div class=\"elementor-widget-wrap elementor-element-populated\">\n\t\t\t\t\t\t<div class=\"elementor-element elementor-element-1bac22f elementor-widget elementor-widget-heading\" data-id=\"1bac22f\" data-element_type=\"widget\" data-e-type=\"widget\" data-widget_type=\"heading.default\">\n\t\t\t\t<div class=\"elementor-widget-container\">\n\t\t\t\t\t<p class=\"elementor-heading-title elementor-size-default\">Benvingut a Natural Homes, gr\u00e0cies per visitar-nos.<\/p>\t\t\t\t<\/div>\n\t\t\t\t<\/div>\n\t\t\t\t\t<\/div>\n\t\t<\/div>\n\t\t\t\t\t<\/div>\n\t\t<\/section>\n\t\t\t\t<\/div>\n\t\t","protected":false},"excerpt":{"rendered":"<p>L&#8217;experi\u00e8ncia, el comprom\u00eds i la discreci\u00f3, s\u00f3n valors fonamentals que defineixen el nostre treball, molt professional, com a agents immobiliaris al Maresme. La compra o el lloguer d&#8217;un habitatge, terreny o local, s\u00f3n decisions de m\u00e0xima import\u00e0ncia, per aix\u00f2 creiem en el tracte personalitzat i de total confian\u00e7a amb els nostres clients.. Coneix el nostre [&hellip;]<\/p>\n","protected":false},"author":7,"featured_media":0,"parent":0,"menu_order":0,"comment_status":"closed","ping_status":"closed","template":"elementor_header_footer","meta":{"inline_featured_image":false,"footnotes":""},"class_list":["post-13442","page","type-page","status-publish","hentry"],"_links":{"self":[{"href":"https:\/\/naturalhomes.cat\/ca\/wp-json\/wp\/v2\/pages\/13442","targetHints":{"allow":["GET"]}}],"collection":[{"href":"https:\/\/naturalhomes.cat\/ca\/wp-json\/wp\/v2\/pages"}],"about":[{"href":"https:\/\/naturalhomes.cat\/ca\/wp-json\/wp\/v2\/types\/page"}],"author":[{"embeddable":true,"href":"https:\/\/naturalhomes.cat\/ca\/wp-json\/wp\/v2\/users\/7"}],"replies":[{"embeddable":true,"href":"https:\/\/naturalhomes.cat\/ca\/wp-json\/wp\/v2\/comments?post=13442"}],"version-history":[{"count":0,"href":"https:\/\/naturalhomes.cat\/ca\/wp-json\/wp\/v2\/pages\/13442\/revisions"}],"wp:attachment":[{"href":"https:\/\/naturalhomes.cat\/ca\/wp-json\/wp\/v2\/media?parent=13442"}],"curies":[{"name":"wp","href":"https:\/\/api.w.org\/{rel}","templated":true}]}}